{"id":18,"date":"2020-03-20T18:05:26","date_gmt":"2020-03-20T18:05:26","guid":{"rendered":"http:\/\/illustratech.se\/?page_id=18"},"modified":"2020-03-20T18:05:26","modified_gmt":"2020-03-20T18:05:26","slug":"om-sidan","status":"publish","type":"page","link":"https:\/\/illustratech.se\/?page_id=18","title":{"rendered":"Om sidan"},"content":{"rendered":"\n<p>Hej jag heter Linus och \u00e4r 22 \u00e5r gammal och g\u00e5r f\u00f6r tillf\u00e4llet p\u00e5 en illustrat\u00f6rutbildning i Stockholm och hoppas i framtiden kunna hitta jobb i denna bransch. Ett mycket stort intresse \u00e4r produktdesign och har jag tur s\u00e5 blir jag rekryterad av ett stort bolag n\u00e4r tiden \u00e4r mogen.<\/p>\n\n\n\n<p>P\u00e5 denna webbplats kommer du att kunna l\u00e4sa om allt fr\u00e5n produktdesign, illustration, fordon och resor, lite av varje som man s\u00e4ger. Har ni fr\u00e5gor eller funderar \u00f6ver n\u00e5got s\u00e5 \u00e4r ni v\u00e4ldigt v\u00e4lkomna att sl\u00e4nga iv\u00e4g ett mail s\u00e5 ska jag f\u00f6rs\u00f6ka hitta tid att l\u00e4sa det.<\/p>\n\n\n\n<p>Ha det bra, och kom ih\u00e5g att&#8230; livet \u00e4r h\u00e4rligt!<\/p>\n","protected":false},"excerpt":{"rendered":"<p>Hej jag heter Linus och \u00e4r 22 \u00e5r gammal och g\u00e5r f\u00f6r tillf\u00e4llet p\u00e5 en illustrat\u00f6rutbildning i Stockholm och hoppas i framtiden kunna hitta jobb i denna bransch. Ett mycket stort intresse \u00e4r produktdesign och har jag tur s\u00e5 blir&hellip;<\/p>\n","protected":false},"author":1,"featured_media":0,"parent":0,"menu_order":0,"comment_status":"closed","ping_status":"closed","template":"","meta":[],"_links":{"self":[{"href":"https:\/\/illustratech.se\/index.php?rest_route=\/wp\/v2\/pages\/18"}],"collection":[{"href":"https:\/\/illustratech.se\/index.php?rest_route=\/wp\/v2\/pages"}],"about":[{"href":"https:\/\/illustratech.se\/index.php?rest_route=\/wp\/v2\/types\/page"}],"author":[{"embeddable":true,"href":"https:\/\/illustratech.se\/index.php?rest_route=\/wp\/v2\/users\/1"}],"replies":[{"embeddable":true,"href":"https:\/\/illustratech.se\/index.php?rest_route=%2Fwp%2Fv2%2Fcomments&post=18"}],"version-history":[{"count":1,"href":"https:\/\/illustratech.se\/index.php?rest_route=\/wp\/v2\/pages\/18\/revisions"}],"predecessor-version":[{"id":19,"href":"https:\/\/illustratech.se\/index.php?rest_route=\/wp\/v2\/pages\/18\/revisions\/19"}],"wp:attachment":[{"href":"https:\/\/illustratech.se\/index.php?rest_route=%2Fwp%2Fv2%2Fmedia&parent=18"}],"curies":[{"name":"wp","href":"https:\/\/api.w.org\/{rel}","templated":true}]}}